{"id":90,"date":"2019-07-15T11:19:00","date_gmt":"2019-07-15T11:19:00","guid":{"rendered":"http:\/\/g-creation.eu\/?page_id=90"},"modified":"2021-03-07T17:54:16","modified_gmt":"2021-03-07T17:54:16","slug":"lederbedarf","status":"publish","type":"page","link":"http:\/\/g-creation.eu\/?page_id=90","title":{"rendered":"Lederbedarf"},"content":{"rendered":"\n<p>Hier findet Ihr eine kleine Auswahl von unserem  Lederbedarf. F\u00fcr Produktw\u00fcnsche, Fragen und Bestellungen steht euch das Team der G-Creation jederzeit zur Verf\u00fcgung.<br>Farblich kann nat\u00fcrlich auch neben braun, schwarz und wei\u00df, produziert werden.<\/p>\n\n\n\n<p>Unser Lederbedarf ist komplett durchgef\u00e4rbt (au\u00dfer bei wei\u00df) und es wird kein minderwertiges Spaltleder verwendet.<\/p>\n\n\n\n<figure class=\"wp-block-gallery columns-3 is-cropped\"><ul class=\"blocks-gallery-grid\"><li class=\"blocks-gallery-item\"><figure><img loading=\"lazy\" width=\"1024\" height=\"768\" src=\"http:\/\/g-creation.eu\/wp-content\/uploads\/2019\/07\/Horntasche-1024x768.jpg\" alt=\"\" data-id=\"34\" data-link=\"http:\/\/g-creation.eu\/?attachment_id=34\" class=\"wp-image-34\" srcset=\"http:\/\/g-creation.eu\/wp-content\/uploads\/2019\/07\/Horntasche-1024x768.jpg 1024w, http:\/\/g-creation.eu\/wp-content\/uploads\/2019\/07\/Horntasche-300x225.jpg 300w, http:\/\/g-creation.eu\/wp-content\/uploads\/2019\/07\/Horntasche-768x576.jpg 768w\" sizes=\"(max-width: 706px) 89vw, (max-width: 767px) 82vw, 740px\" \/><figcaption class=\"blocks-gallery-item__caption\">Horntasche<\/figcaption><\/figure><\/li><li class=\"blocks-gallery-item\"><figure><img loading=\"lazy\" width=\"1024\" height=\"768\" src=\"http:\/\/g-creation.eu\/wp-content\/uploads\/2019\/07\/IMG_3624-1024x768.jpg\" alt=\"\" data-id=\"22\" data-link=\"http:\/\/g-creation.eu\/?attachment_id=22\" class=\"wp-image-22\" srcset=\"http:\/\/g-creation.eu\/wp-content\/uploads\/2019\/07\/IMG_3624-1024x768.jpg 1024w, http:\/\/g-creation.eu\/wp-content\/uploads\/2019\/07\/IMG_3624-300x225.jpg 300w, http:\/\/g-creation.eu\/wp-content\/uploads\/2019\/07\/IMG_3624-768x576.jpg 768w\" sizes=\"(max-width: 706px) 89vw, (max-width: 767px) 82vw, 740px\" \/><figcaption class=\"blocks-gallery-item__caption\">Fl\u00f6tentasche<\/figcaption><\/figure><\/li><li class=\"blocks-gallery-item\"><figure><img loading=\"lazy\" width=\"1024\" height=\"768\" src=\"http:\/\/g-creation.eu\/wp-content\/uploads\/2019\/07\/IMG_3622-1024x768.jpg\" alt=\"\" data-id=\"21\" data-link=\"http:\/\/g-creation.eu\/?attachment_id=21\" class=\"wp-image-21\" srcset=\"http:\/\/g-creation.eu\/wp-content\/uploads\/2019\/07\/IMG_3622-1024x768.jpg 1024w, http:\/\/g-creation.eu\/wp-content\/uploads\/2019\/07\/IMG_3622-300x225.jpg 300w, http:\/\/g-creation.eu\/wp-content\/uploads\/2019\/07\/IMG_3622-768x576.jpg 768w\" sizes=\"(max-width: 706px) 89vw, (max-width: 767px) 82vw, 740px\" \/><figcaption class=\"blocks-gallery-item__caption\">Fl\u00f6tentasche<\/figcaption><\/figure><\/li><li class=\"blocks-gallery-item\"><figure><img loading=\"lazy\" width=\"720\" height=\"960\" src=\"http:\/\/g-creation.eu\/wp-content\/uploads\/2019\/07\/23755103_1453135781402028_1878523275989013619_n.jpg\" alt=\"\" data-id=\"12\" data-link=\"http:\/\/g-creation.eu\/?attachment_id=12\" class=\"wp-image-12\" srcset=\"http:\/\/g-creation.eu\/wp-content\/uploads\/2019\/07\/23755103_1453135781402028_1878523275989013619_n.jpg 720w, http:\/\/g-creation.eu\/wp-content\/uploads\/2019\/07\/23755103_1453135781402028_1878523275989013619_n-225x300.jpg 225w\" sizes=\"(max-width: 720px) 100vw, 720px\" \/><figcaption class=\"blocks-gallery-item__caption\">Koppel mit Zweidornschnalle<\/figcaption><\/figure><\/li><li class=\"blocks-gallery-item\"><figure><img loading=\"lazy\" width=\"1024\" height=\"576\" src=\"http:\/\/g-creation.eu\/wp-content\/uploads\/2019\/07\/C88B08A0-E402-430E-A09C-899296100274-1024x576.jpg\" alt=\"\" data-id=\"23\" data-link=\"http:\/\/g-creation.eu\/?attachment_id=23\" class=\"wp-image-23\" srcset=\"http:\/\/g-creation.eu\/wp-content\/uploads\/2019\/07\/C88B08A0-E402-430E-A09C-899296100274-1024x576.jpg 1024w, http:\/\/g-creation.eu\/wp-content\/uploads\/2019\/07\/C88B08A0-E402-430E-A09C-899296100274-300x169.jpg 300w, http:\/\/g-creation.eu\/wp-content\/uploads\/2019\/07\/C88B08A0-E402-430E-A09C-899296100274-768x432.jpg 768w, http:\/\/g-creation.eu\/wp-content\/uploads\/2019\/07\/C88B08A0-E402-430E-A09C-899296100274.jpg 1920w\" sizes=\"(max-width: 706px) 89vw, (max-width: 767px) 82vw, 740px\" \/><figcaption class=\"blocks-gallery-item__caption\">Hochtrommeltrageteil (Rollschnalle\/Blattfederhaken)<\/figcaption><\/figure><\/li><li class=\"blocks-gallery-item\"><figure><img loading=\"lazy\" width=\"1024\" height=\"512\" src=\"http:\/\/g-creation.eu\/wp-content\/uploads\/2019\/07\/Koppel-mit-Zweidornschnalle-Gr\u00f6\u00dfe-1024x512.jpg\" alt=\"\" data-id=\"35\" data-link=\"http:\/\/g-creation.eu\/?attachment_id=35\" class=\"wp-image-35\" srcset=\"http:\/\/g-creation.eu\/wp-content\/uploads\/2019\/07\/Koppel-mit-Zweidornschnalle-Gr\u00f6\u00dfe-1024x512.jpg 1024w, http:\/\/g-creation.eu\/wp-content\/uploads\/2019\/07\/Koppel-mit-Zweidornschnalle-Gr\u00f6\u00dfe-300x150.jpg 300w, http:\/\/g-creation.eu\/wp-content\/uploads\/2019\/07\/Koppel-mit-Zweidornschnalle-Gr\u00f6\u00dfe-768x384.jpg 768w\" sizes=\"(max-width: 706px) 89vw, (max-width: 767px) 82vw, 740px\" \/><figcaption class=\"blocks-gallery-item__caption\">Koppel<\/figcaption><\/figure><\/li><li class=\"blocks-gallery-item\"><figure><img loading=\"lazy\" width=\"768\" height=\"1024\" src=\"http:\/\/g-creation.eu\/wp-content\/uploads\/2021\/03\/IMG_3618-768x1024.jpg\" alt=\"\" data-id=\"213\" data-full-url=\"http:\/\/g-creation.eu\/wp-content\/uploads\/2021\/03\/IMG_3618-scaled.jpg\" data-link=\"http:\/\/g-creation.eu\/?attachment_id=213\" class=\"wp-image-213\" srcset=\"http:\/\/g-creation.eu\/wp-content\/uploads\/2021\/03\/IMG_3618-768x1024.jpg 768w, http:\/\/g-creation.eu\/wp-content\/uploads\/2021\/03\/IMG_3618-225x300.jpg 225w, http:\/\/g-creation.eu\/wp-content\/uploads\/2021\/03\/IMG_3618-1152x1536.jpg 1152w, http:\/\/g-creation.eu\/wp-content\/uploads\/2021\/03\/IMG_3618-1536x2048.jpg 1536w, http:\/\/g-creation.eu\/wp-content\/uploads\/2021\/03\/IMG_3618-scaled.jpg 1920w\" sizes=\"(max-width: 706px) 89vw, (max-width: 767px) 82vw, 740px\" \/><\/figure><\/li><\/ul><\/figure>\n\n\n\n<p><\/p>\n","protected":false},"excerpt":{"rendered":"<p>Hier findet Ihr eine kleine Auswahl von unserem Lederbedarf. F\u00fcr Produktw\u00fcnsche, Fragen und Bestellungen steht euch das Team der G-Creation jederzeit zur Verf\u00fcgung.Farblich kann nat\u00fcrlich auch neben braun, schwarz und wei\u00df, produziert werden. Unser Lederbedarf ist komplett durchgef\u00e4rbt (au\u00dfer bei wei\u00df) und es wird kein minderwertiges Spaltleder verwendet.<\/p>\n","protected":false},"author":1,"featured_media":0,"parent":0,"menu_order":0,"comment_status":"closed","ping_status":"closed","template":"","meta":[],"_links":{"self":[{"href":"http:\/\/g-creation.eu\/index.php?rest_route=\/wp\/v2\/pages\/90"}],"collection":[{"href":"http:\/\/g-creation.eu\/index.php?rest_route=\/wp\/v2\/pages"}],"about":[{"href":"http:\/\/g-creation.eu\/index.php?rest_route=\/wp\/v2\/types\/page"}],"author":[{"embeddable":true,"href":"http:\/\/g-creation.eu\/index.php?rest_route=\/wp\/v2\/users\/1"}],"replies":[{"embeddable":true,"href":"http:\/\/g-creation.eu\/index.php?rest_route=%2Fwp%2Fv2%2Fcomments&post=90"}],"version-history":[{"count":5,"href":"http:\/\/g-creation.eu\/index.php?rest_route=\/wp\/v2\/pages\/90\/revisions"}],"predecessor-version":[{"id":218,"href":"http:\/\/g-creation.eu\/index.php?rest_route=\/wp\/v2\/pages\/90\/revisions\/218"}],"wp:attachment":[{"href":"http:\/\/g-creation.eu\/index.php?rest_route=%2Fwp%2Fv2%2Fmedia&parent=90"}],"curies":[{"name":"wp","href":"https:\/\/api.w.org\/{rel}","templated":true}]}}